{"id":22033,"date":"2025-02-20T15:26:06","date_gmt":"2025-02-20T14:26:06","guid":{"rendered":"https:\/\/nordeq.se\/legal-information\/"},"modified":"2025-07-01T16:57:43","modified_gmt":"2025-07-01T14:57:43","slug":"legal-information","status":"publish","type":"page","link":"https:\/\/nordeq.se\/en\/legal-information\/","title":{"rendered":"Legal information"},"content":{"rendered":"\t\t<div data-elementor-type=\"wp-page\" data-elementor-id=\"22033\" class=\"elementor elementor-22033 elementor-465\" data-elementor-post-type=\"page\">\n\t\t\t\t<div class=\"elementor-element elementor-element-0c081a2 e-flex e-con-boxed e-con e-parent\" data-id=\"0c081a2\" data-element_type=\"container\" data-e-type=\"container\">\n\t\t\t\t\t<div class=\"e-con-inner\">\n\t\t<div class=\"elementor-element elementor-element-8acacd5 e-con-full e-flex e-con e-child\" data-id=\"8acacd5\" data-element_type=\"container\" data-e-type=\"container\">\n\t\t\t\t<div class=\"elementor-element elementor-element-35f1eef elementor-nav-menu__align-start elementor-nav-menu--dropdown-tablet elementor-nav-menu__text-align-aside elementor-widget elementor-widget-nav-menu\" data-id=\"35f1eef\" data-element_type=\"widget\" data-e-type=\"widget\" data-settings=\"{&quot;layout&quot;:&quot;vertical&quot;,&quot;submenu_icon&quot;:{&quot;value&quot;:&quot;&lt;svg aria-hidden=\\&quot;true\\&quot; class=\\&quot;e-font-icon-svg e-fas-caret-down\\&quot; viewBox=\\&quot;0 0 320 512\\&quot; xmlns=\\&quot;http:\\\/\\\/www.w3.org\\\/2000\\\/svg\\&quot;&gt;&lt;path d=\\&quot;M31.3 192h257.3c17.8 0 26.7 21.5 14.1 34.1L174.1 354.8c-7.8 7.8-20.5 7.8-28.3 0L17.2 226.1C4.6 213.5 13.5 192 31.3 192z\\&quot;&gt;&lt;\\\/path&gt;&lt;\\\/svg&gt;&quot;,&quot;library&quot;:&quot;fa-solid&quot;}}\" data-widget_type=\"nav-menu.default\">\n\t\t\t\t<div class=\"elementor-widget-container\">\n\t\t\t\t\t\t\t\t<nav aria-label=\"Undermeny\" class=\"elementor-nav-menu--main elementor-nav-menu__container elementor-nav-menu--layout-vertical e--pointer-none\">\n\t\t\t\t<ul id=\"menu-1-35f1eef\" class=\"elementor-nav-menu sm-vertical\"><li class=\"menu-item menu-item-type-post_type menu-item-object-page menu-item-11669\"><a href=\"https:\/\/nordeq.se\/legal-information\/\" class=\"elementor-item\">Legal information<\/a><\/li>\n<li class=\"menu-item menu-item-type-post_type menu-item-object-page menu-item-11672\"><a href=\"https:\/\/nordeq.se\/legal-information\/integritetspolicy\/\" class=\"elementor-item\">Privacy Policy<\/a><\/li>\n<li class=\"menu-item menu-item-type-post_type menu-item-object-page menu-item-11666\"><a href=\"https:\/\/nordeq.se\/legal-information\/ersattningspolicy\/\" class=\"elementor-item\">Replacement Policy<\/a><\/li>\n<li class=\"menu-item menu-item-type-post_type menu-item-object-page menu-item-11663\"><a href=\"https:\/\/nordeq.se\/legal-information\/ansvarsfriskrivning\/\" class=\"elementor-item\">Disclaimer<\/a><\/li>\n<li class=\"menu-item menu-item-type-post_type menu-item-object-page menu-item-11660\"><a href=\"https:\/\/nordeq.se\/legal-information\/aktieagarengagemang\/\" class=\"elementor-item\">Shareholder Engagement<\/a><\/li>\n<\/ul>\t\t\t<\/nav>\n\t\t\t\t\t\t<nav class=\"elementor-nav-menu--dropdown elementor-nav-menu__container\" aria-hidden=\"true\">\n\t\t\t\t<ul id=\"menu-2-35f1eef\" class=\"elementor-nav-menu sm-vertical\"><li class=\"menu-item menu-item-type-post_type menu-item-object-page menu-item-11669\"><a href=\"https:\/\/nordeq.se\/legal-information\/\" class=\"elementor-item\" tabindex=\"-1\">Legal information<\/a><\/li>\n<li class=\"menu-item menu-item-type-post_type menu-item-object-page menu-item-11672\"><a href=\"https:\/\/nordeq.se\/legal-information\/integritetspolicy\/\" class=\"elementor-item\" tabindex=\"-1\">Privacy Policy<\/a><\/li>\n<li class=\"menu-item menu-item-type-post_type menu-item-object-page menu-item-11666\"><a href=\"https:\/\/nordeq.se\/legal-information\/ersattningspolicy\/\" class=\"elementor-item\" tabindex=\"-1\">Replacement Policy<\/a><\/li>\n<li class=\"menu-item menu-item-type-post_type menu-item-object-page menu-item-11663\"><a href=\"https:\/\/nordeq.se\/legal-information\/ansvarsfriskrivning\/\" class=\"elementor-item\" tabindex=\"-1\">Disclaimer<\/a><\/li>\n<li class=\"menu-item menu-item-type-post_type menu-item-object-page menu-item-11660\"><a href=\"https:\/\/nordeq.se\/legal-information\/aktieagarengagemang\/\" class=\"elementor-item\" tabindex=\"-1\">Shareholder Engagement<\/a><\/li>\n<\/ul>\t\t\t<\/nav>\n\t\t\t\t\t\t<\/div>\n\t\t\t\t<\/div>\n\t\t\t\t<\/div>\n\t\t<div class=\"elementor-element elementor-element-51d3ece e-con-full e-flex e-con e-child\" data-id=\"51d3ece\" data-element_type=\"container\" data-e-type=\"container\">\n\t\t\t\t<div class=\"elementor-element elementor-element-7f49e90 elementor-widget__width-initial elementor-widget elementor-widget-text-editor\" data-id=\"7f49e90\" data-element_type=\"widget\" data-e-type=\"widget\" data-widget_type=\"text-editor.default\">\n\t\t\t\t<div class=\"elementor-widget-container\">\n\t\t\t\t\t\t\t\t\t<p>The control functions are included in the Nordic Equities organization.<\/p><ul><li>Risk Management<\/li><li>Compliance<\/li><li>Internal Audit<\/li><\/ul><p>The entities responsible for the aforementioned control functions are Oskar Askel\u00f6f (risk management), Harvest Law Firm AB, Bj\u00f6rn Wendleby (compliance), and L\u00fcsch &amp; Co Audit AB, Leif L\u00fcsch (internal audit).<\/p><p><strong>External Audit<\/strong><\/p><p>The external auditor is KPMG, with authorized public accountant Anders Tagde as the lead auditor.<\/p><p><strong>Custodian Bank<\/strong><\/p><p>The custodian bank for the funds managed by Nordic Equities Asset Management AB is SEB.<\/p>\t\t\t\t\t\t\t\t<\/div>\n\t\t\t\t<\/div>\n\t\t\t\t<\/div>\n\t\t\t\t\t<\/div>\n\t\t\t\t<\/div>\n\t\t<div class=\"elementor-element elementor-element-5afec9d e-flex e-con-boxed e-con e-parent\" data-id=\"5afec9d\" data-element_type=\"container\" data-e-type=\"container\">\n\t\t\t\t\t<div class=\"e-con-inner\">\n\t\t\t\t<div class=\"elementor-element elementor-element-a2fb96f elementor-widget elementor-widget-text-editor\" data-id=\"a2fb96f\" data-element_type=\"widget\" data-e-type=\"widget\" data-widget_type=\"text-editor.default\">\n\t\t\t\t<div class=\"elementor-widget-container\">\n\t\t\t\t\t\t\t\t\t<h4 class=\" \">Handling of complaints<\/h4>\n<div><p>Nordic Equities always strives to offer a high level of service and a good relationship with our customers. If a customer is not satisfied, it is important for us to quickly and objectively investigate what has happened.<\/p><p>The complaints manager at Nordic Equities is Lars Kinnunen.<\/p><p>Contact Lars by email: lars.kinnunen@nordeq.se<\/p><\/div>\t\t\t\t\t\t\t\t<\/div>\n\t\t\t\t<\/div>\n\t\t\t\t\t<\/div>\n\t\t\t\t<\/div>\n\t\t\t\t<\/div>\n\t\t","protected":false},"excerpt":{"rendered":"<p>The control functions are included in the Nordic Equities organization. Risk Management Compliance Internal Audit The entities responsible for the aforementioned control functions are Oskar Askel\u00f6f (risk management), Harvest Law Firm AB, Bj\u00f6rn Wendleby (compliance), and L\u00fcsch &amp; Co Audit AB, Leif L\u00fcsch (internal audit). External Audit The external auditor is KPMG, with authorized public [&hellip;]<\/p>\n","protected":false},"author":3,"featured_media":0,"parent":0,"menu_order":800,"comment_status":"closed","ping_status":"closed","template":"","meta":{"footnotes":""},"class_list":["post-22033","page","type-page","status-publish","hentry","entry"],"_links":{"self":[{"href":"https:\/\/nordeq.se\/en\/wp-json\/wp\/v2\/pages\/22033","targetHints":{"allow":["GET"]}}],"collection":[{"href":"https:\/\/nordeq.se\/en\/wp-json\/wp\/v2\/pages"}],"about":[{"href":"https:\/\/nordeq.se\/en\/wp-json\/wp\/v2\/types\/page"}],"author":[{"embeddable":true,"href":"https:\/\/nordeq.se\/en\/wp-json\/wp\/v2\/users\/3"}],"replies":[{"embeddable":true,"href":"https:\/\/nordeq.se\/en\/wp-json\/wp\/v2\/comments?post=22033"}],"version-history":[{"count":0,"href":"https:\/\/nordeq.se\/en\/wp-json\/wp\/v2\/pages\/22033\/revisions"}],"wp:attachment":[{"href":"https:\/\/nordeq.se\/en\/wp-json\/wp\/v2\/media?parent=22033"}],"curies":[{"name":"wp","href":"https:\/\/api.w.org\/{rel}","templated":true}]}}